{"id":95721,"date":"2021-10-11T18:12:45","date_gmt":"2021-10-11T18:12:45","guid":{"rendered":"https:\/\/espaciocultural.ciudaddemendoza.gob.ar\/?page_id=95721"},"modified":"2021-12-28T14:54:40","modified_gmt":"2021-12-28T14:54:40","slug":"educacion","status":"publish","type":"page","link":"https:\/\/espaciocultural.ciudaddemendoza.gob.ar\/?page_id=95721","title":{"rendered":"Educaci\u00f3n"},"content":{"rendered":"\t\t<div data-elementor-type=\"wp-page\" data-elementor-id=\"95721\" class=\"elementor elementor-95721\">\n\t\t\t\t\t\t\t\t\t<section class=\"elementor-section elementor-top-section elementor-element elementor-element-e403089 elementor-section-boxed elementor-section-height-default elementor-section-height-default\" data-id=\"e403089\" data-element_type=\"section\" id=\"requisitos\" data-settings=\"{&quot;background_background&quot;:&quot;classic&quot;}\">\n\t\t\t\t\t\t<div class=\"elementor-container elementor-column-gap-default\">\n\t\t\t\t\t<div class=\"elementor-column elementor-col-100 elementor-top-column elementor-element elementor-element-349a17e\" data-id=\"349a17e\" data-element_type=\"column\">\n\t\t\t<div class=\"elementor-widget-wrap elementor-element-populated\">\n\t\t\t\t\t\t\t\t<div class=\"elementor-element elementor-element-d815ddc elementor-widget elementor-widget-image\" data-id=\"d815ddc\" data-element_type=\"widget\" data-widget_type=\"image.default\">\n\t\t\t\t<div class=\"elementor-widget-container\">\n\t\t\t\t\t\t\t\t\t\t\t\t\t\t\t<img loading=\"lazy\" decoding=\"async\" width=\"1024\" height=\"683\" src=\"https:\/\/espaciocultural.ciudaddemendoza.gob.ar\/wp-content\/uploads\/2021\/11\/Imagen-Pestana-EDUCACION-MMAMM-1024x683.jpg\" class=\"attachment-large size-large wp-image-96783\" alt=\"\" srcset=\"https:\/\/espaciocultural.ciudaddemendoza.gob.ar\/wp-content\/uploads\/2021\/11\/Imagen-Pestana-EDUCACION-MMAMM-1024x683.jpg 1024w, https:\/\/espaciocultural.ciudaddemendoza.gob.ar\/wp-content\/uploads\/2021\/11\/Imagen-Pestana-EDUCACION-MMAMM-300x200.jpg 300w, https:\/\/espaciocultural.ciudaddemendoza.gob.ar\/wp-content\/uploads\/2021\/11\/Imagen-Pestana-EDUCACION-MMAMM-768x512.jpg 768w, https:\/\/espaciocultural.ciudaddemendoza.gob.ar\/wp-content\/uploads\/2021\/11\/Imagen-Pestana-EDUCACION-MMAMM-391x260.jpg 391w, https:\/\/espaciocultural.ciudaddemendoza.gob.ar\/wp-content\/uploads\/2021\/11\/Imagen-Pestana-EDUCACION-MMAMM-1536x1024.jpg 1536w, https:\/\/espaciocultural.ciudaddemendoza.gob.ar\/wp-content\/uploads\/2021\/11\/Imagen-Pestana-EDUCACION-MMAMM-2048x1365.jpg 2048w, https:\/\/espaciocultural.ciudaddemendoza.gob.ar\/wp-content\/uploads\/2021\/11\/Imagen-Pestana-EDUCACION-MMAMM-24x16.jpg 24w, https:\/\/espaciocultural.ciudaddemendoza.gob.ar\/wp-content\/uploads\/2021\/11\/Imagen-Pestana-EDUCACION-MMAMM-36x24.jpg 36w, https:\/\/espaciocultural.ciudaddemendoza.gob.ar\/wp-content\/uploads\/2021\/11\/Imagen-Pestana-EDUCACION-MMAMM-48x32.jpg 48w\" sizes=\"auto, (max-width: 1024px) 100vw, 1024px\" \/>\t\t\t\t\t\t\t\t\t\t\t\t\t\t\t<\/div>\n\t\t\t\t<\/div>\n\t\t\t\t<section class=\"elementor-section elementor-inner-section elementor-element elementor-element-c770fe2 elementor-section-boxed elementor-section-height-default elementor-section-height-default\" data-id=\"c770fe2\" data-element_type=\"section\">\n\t\t\t\t\t\t<div class=\"elementor-container elementor-column-gap-default\">\n\t\t\t\t\t<div class=\"elementor-column elementor-col-100 elementor-inner-column elementor-element elementor-element-bdfda89\" data-id=\"bdfda89\" data-element_type=\"column\">\n\t\t\t<div class=\"elementor-widget-wrap elementor-element-populated\">\n\t\t\t\t\t\t\t\t<div class=\"elementor-element elementor-element-94e5736 animated-slow elementor-widget elementor-widget-heading\" data-id=\"94e5736\" data-element_type=\"widget\" data-settings=\"{&quot;_animation&quot;:&quot;none&quot;,&quot;_animation_delay&quot;:500}\" data-widget_type=\"heading.default\">\n\t\t\t\t<div class=\"elementor-widget-container\">\n\t\t\t<span class=\"elementor-heading-title elementor-size-default\">El \u00e1rea de Educaci\u00f3n del MMAMM se propone como un espacio de di\u00e1logo y encuentro que favorezca los v\u00ednculos entre el museo y la comunidad. Tiene por objetivo fundamental el de pensar y problematizar el arte y la educaci\u00f3n a trav\u00e9s de distintos programas destinados a los diversos p\u00fablicos; ofrece distintas propuestas como encuentros, talleres, laboratorios, visitas, charlas, capacitaciones, etc.<\/span>\t\t<\/div>\n\t\t\t\t<\/div>\n\t\t\t\t\t<\/div>\n\t\t<\/div>\n\t\t\t\t\t\t\t<\/div>\n\t\t<\/section>\n\t\t\t\t<section class=\"elementor-section elementor-inner-section elementor-element elementor-element-7850ed9 elementor-section-boxed elementor-section-height-default elementor-section-height-default\" data-id=\"7850ed9\" data-element_type=\"section\">\n\t\t\t\t\t\t<div class=\"elementor-container elementor-column-gap-default\">\n\t\t\t\t\t<div class=\"elementor-column elementor-col-100 elementor-inner-column elementor-element elementor-element-21767d0\" data-id=\"21767d0\" data-element_type=\"column\">\n\t\t\t<div class=\"elementor-widget-wrap elementor-element-populated\">\n\t\t\t\t\t\t\t\t<div class=\"elementor-element elementor-element-7729405 animated-slow elementor-invisible elementor-widget elementor-widget-heading\" data-id=\"7729405\" data-element_type=\"widget\" data-settings=\"{&quot;_animation&quot;:&quot;fadeIn&quot;,&quot;_animation_delay&quot;:500}\" data-widget_type=\"heading.default\">\n\t\t\t\t<div class=\"elementor-widget-container\">\n\t\t\t<h2 class=\"elementor-heading-title elementor-size-default\">Objetivos espec\u00edficos<\/h2>\t\t<\/div>\n\t\t\t\t<\/div>\n\t\t\t\t<div class=\"elementor-element elementor-element-a21301e animated-slow elementor-widget elementor-widget-heading\" data-id=\"a21301e\" data-element_type=\"widget\" data-settings=\"{&quot;_animation&quot;:&quot;none&quot;,&quot;_animation_delay&quot;:500}\" data-widget_type=\"heading.default\">\n\t\t\t\t<div class=\"elementor-widget-container\">\n\t\t\t<span class=\"elementor-heading-title elementor-size-default\"><span><ul style=\"margin-bottom: 0px; padding-inline-start: 48px;\"><li dir=\"ltr\" style=\"list-style-type: disc; font-size: 14px; font-family: 'Montserrat'; color: rgb(0, 153, 168); background-color: transparent; font-variant-numeric: normal; font-variant-east-asian: normal; vertical-align: baseline; white-space: pre;\" aria-level=\"1\"><p dir=\"ltr\" style=\"line-height:1.38;margin-top:0pt;margin-bottom:0pt;\" role=\"presentation\"><span style=\"font-size: 11pt; color: rgb(67, 67, 67); background-color: transparent; font-variant-numeric: normal; font-variant-east-asian: normal; vertical-align: baseline; white-space: pre-wrap;\">Desarrollar programas educativos para todos los p\u00fablicos.<\/span><\/p><\/li><li dir=\"ltr\" style=\"list-style-type: disc; font-size: 11pt; font-family: 'Montserrat'; color: rgb(0, 153, 168); background-color: transparent; font-variant-numeric: normal; font-variant-east-asian: normal; vertical-align: baseline; white-space: pre;\" aria-level=\"1\"><p dir=\"ltr\" style=\"line-height:1.38;margin-top:0pt;margin-bottom:0pt;\" role=\"presentation\"><span style=\"font-size: 11pt; color: rgb(67, 67, 67); background-color: transparent; font-variant-numeric: normal; font-variant-east-asian: normal; vertical-align: baseline; white-space: pre-wrap;\">Acercar el museo, su colecci\u00f3n y su historia a la comunidad.<\/span><\/p><\/li><li dir=\"ltr\" style=\"list-style-type: disc; font-size: 11pt; font-family: 'Montserrat'; color: rgb(0, 153, 168); background-color: transparent; font-variant-numeric: normal; font-variant-east-asian: normal; vertical-align: baseline; white-space: pre;\" aria-level=\"1\"><p dir=\"ltr\" style=\"line-height:1.38;margin-top:0pt;margin-bottom:0pt;\" role=\"presentation\"><span style=\"font-size: 11pt; color: rgb(67, 67, 67); background-color: transparent; font-variant-numeric: normal; font-variant-east-asian: normal; vertical-align: baseline; white-space: pre-wrap;\">Instalar al museo como espacio de di\u00e1logo, reflexi\u00f3n, encuentro y construcci\u00f3n de conocimiento colectivo.<\/span><\/p><\/li><li dir=\"ltr\" style=\"list-style-type: disc; font-size: 11pt; font-family: 'Montserrat'; color: rgb(0, 153, 168); background-color: transparent; font-variant-numeric: normal; font-variant-east-asian: normal; vertical-align: baseline; white-space: pre;\" aria-level=\"1\"><p dir=\"ltr\" style=\"line-height:1.38;margin-top:0pt;margin-bottom:0pt;\" role=\"presentation\"><span style=\"font-size: 11pt; color: rgb(67, 67, 67); background-color: transparent; font-variant-numeric: normal; font-variant-east-asian: normal; vertical-align: baseline; white-space: pre-wrap;\">Garantizar la accesibilidad y la participaci\u00f3n activa de la comunidad en el museo.<\/span><\/p><\/li><li dir=\"ltr\" style=\"list-style-type: disc; font-size: 11pt; font-family: 'Montserrat'; color: rgb(0, 153, 168); background-color: transparent; font-variant-numeric: normal; font-variant-east-asian: normal; vertical-align: baseline; white-space: pre;\" aria-level=\"1\"><p dir=\"ltr\" style=\"line-height:1.38;margin-top:0pt;margin-bottom:0pt;\" role=\"presentation\"><span style=\"font-size: 11pt; color: rgb(67, 67, 67); background-color: transparent; font-variant-numeric: normal; font-variant-east-asian: normal; vertical-align: baseline; white-space: pre-wrap;\">Difundir y promover actividades educativas que dialoguen con las pr\u00e1cticas art\u00edsticas locales.<\/span><\/p><\/li><li dir=\"ltr\" style=\"list-style-type: disc; font-size: 11pt; font-family: 'Montserrat'; color: rgb(0, 153, 168); background-color: transparent; font-variant-numeric: normal; font-variant-east-asian: normal; vertical-align: baseline; white-space: pre;\" aria-level=\"1\"><p dir=\"ltr\" style=\"line-height:1.38;margin-top:0pt;margin-bottom:0pt;\" role=\"presentation\"><span style=\"font-size: 11pt; color: rgb(67, 67, 67); background-color: transparent; font-variant-numeric: normal; font-variant-east-asian: normal; vertical-align: baseline; white-space: pre-wrap;\">Desarrollar estrategias de intercambio con otras instituciones, espacios y artistas.<\/span><\/p><\/li><\/ul><\/span><\/span>\t\t<\/div>\n\t\t\t\t<\/div>\n\t\t\t\t\t<\/div>\n\t\t<\/div>\n\t\t\t\t\t\t\t<\/div>\n\t\t<\/section>\n\t\t\t\t<div class=\"elementor-element elementor-element-cfe0de3 elementor-widget elementor-widget-html\" data-id=\"cfe0de3\" data-element_type=\"widget\" data-widget_type=\"html.default\">\n\t\t\t\t<div class=\"elementor-widget-container\">\n\t\t\t<style>.jupiterx-main-content {\r\n    padding: 0px;\r\n}\r\ndiv#jupiterx-primary {\r\n    padding: 0px;\r\n}\r\n.container-fluid {\r\n    padding: 0px;\r\n}\r\narticle#\\39 {\r\n    margin-top: -15px;\r\n}\r\n<\/style>\t\t<\/div>\n\t\t\t\t<\/div>\n\t\t\t\t\t<\/div>\n\t\t<\/div>\n\t\t\t\t\t\t\t<\/div>\n\t\t<\/section>\n\t\t\t\t\t\t\t<\/div>\n\t\t","protected":false},"excerpt":{"rendered":"<p>El \u00e1rea de Educaci\u00f3n del MMAMM se propone como un espacio de di\u00e1logo y encuentro que favorezca los v\u00ednculos entre el museo y la comunidad. Tiene por objetivo fundamental el de pensar y problematizar el arte y la educaci\u00f3n a trav\u00e9s de distintos programas destinados a los diversos p\u00fablicos; ofrece distintas propuestas como encuentros, talleres, [&hellip;]<\/p>\n","protected":false},"author":1,"featured_media":0,"parent":202,"menu_order":0,"comment_status":"closed","ping_status":"closed","template":"","meta":{"om_disable_all_campaigns":false,"_mi_skip_tracking":false,"_monsterinsights_sitenote_active":false,"_monsterinsights_sitenote_note":"","_monsterinsights_sitenote_category":0,"_mc_calendar":[],"footnotes":""},"class_list":["post-95721","page","type-page","status-publish","hentry"],"acf":[],"aioseo_notices":[],"_links":{"self":[{"href":"https:\/\/espaciocultural.ciudaddemendoza.gob.ar\/index.php?rest_route=\/wp\/v2\/pages\/95721","targetHints":{"allow":["GET"]}}],"collection":[{"href":"https:\/\/espaciocultural.ciudaddemendoza.gob.ar\/index.php?rest_route=\/wp\/v2\/pages"}],"about":[{"href":"https:\/\/espaciocultural.ciudaddemendoza.gob.ar\/index.php?rest_route=\/wp\/v2\/types\/page"}],"author":[{"embeddable":true,"href":"https:\/\/espaciocultural.ciudaddemendoza.gob.ar\/index.php?rest_route=\/wp\/v2\/users\/1"}],"replies":[{"embeddable":true,"href":"https:\/\/espaciocultural.ciudaddemendoza.gob.ar\/index.php?rest_route=%2Fwp%2Fv2%2Fcomments&post=95721"}],"version-history":[{"count":22,"href":"https:\/\/espaciocultural.ciudaddemendoza.gob.ar\/index.php?rest_route=\/wp\/v2\/pages\/95721\/revisions"}],"predecessor-version":[{"id":97156,"href":"https:\/\/espaciocultural.ciudaddemendoza.gob.ar\/index.php?rest_route=\/wp\/v2\/pages\/95721\/revisions\/97156"}],"up":[{"embeddable":true,"href":"https:\/\/espaciocultural.ciudaddemendoza.gob.ar\/index.php?rest_route=\/wp\/v2\/pages\/202"}],"wp:attachment":[{"href":"https:\/\/espaciocultural.ciudaddemendoza.gob.ar\/index.php?rest_route=%2Fwp%2Fv2%2Fmedia&parent=95721"}],"curies":[{"name":"wp","href":"https:\/\/api.w.org\/{rel}","templated":true}]}}