{"id":95758,"date":"2021-10-13T01:16:31","date_gmt":"2021-10-13T01:16:31","guid":{"rendered":"https:\/\/espaciocultural.ciudaddemendoza.gob.ar\/?page_id=95758"},"modified":"2021-12-17T13:00:41","modified_gmt":"2021-12-17T13:00:41","slug":"archivo-e-investigacion","status":"publish","type":"page","link":"https:\/\/espaciocultural.ciudaddemendoza.gob.ar\/?page_id=95758","title":{"rendered":"Archivo e Investigaci\u00f3n"},"content":{"rendered":"\t\t<div data-elementor-type=\"wp-page\" data-elementor-id=\"95758\" class=\"elementor elementor-95758\">\n\t\t\t\t\t\t\t\t\t<section class=\"elementor-section elementor-top-section elementor-element elementor-element-e403089 elementor-section-boxed elementor-section-height-default elementor-section-height-default\" data-id=\"e403089\" data-element_type=\"section\" id=\"historia\" data-settings=\"{&quot;background_background&quot;:&quot;classic&quot;}\">\n\t\t\t\t\t\t<div class=\"elementor-container elementor-column-gap-default\">\n\t\t\t\t\t<div class=\"elementor-column elementor-col-100 elementor-top-column elementor-element elementor-element-349a17e\" data-id=\"349a17e\" data-element_type=\"column\">\n\t\t\t<div class=\"elementor-widget-wrap elementor-element-populated\">\n\t\t\t\t\t\t\t\t<div class=\"elementor-element elementor-element-cfe0de3 elementor-widget elementor-widget-html\" data-id=\"cfe0de3\" data-element_type=\"widget\" data-widget_type=\"html.default\">\n\t\t\t\t<div class=\"elementor-widget-container\">\n\t\t\t<style>.jupiterx-main-content {\r\n    padding: 0px;\r\n}\r\ndiv#jupiterx-primary {\r\n    padding: 0px;\r\n}\r\n.container-fluid {\r\n    padding: 0px;\r\n}\r\narticle#\\39 {\r\n    margin-top: -15px;\r\n}\r\n<\/style>\t\t<\/div>\n\t\t\t\t<\/div>\n\t\t\t\t\t<\/div>\n\t\t<\/div>\n\t\t\t\t\t\t\t<\/div>\n\t\t<\/section>\n\t\t\t\t<section class=\"elementor-section elementor-top-section elementor-element elementor-element-62d43a8 elementor-section-boxed elementor-section-height-default elementor-section-height-default\" data-id=\"62d43a8\" data-element_type=\"section\">\n\t\t\t\t\t\t<div class=\"elementor-container elementor-column-gap-default\">\n\t\t\t\t\t<div class=\"elementor-column elementor-col-100 elementor-top-column elementor-element elementor-element-feb5d76\" data-id=\"feb5d76\" data-element_type=\"column\">\n\t\t\t<div class=\"elementor-widget-wrap elementor-element-populated\">\n\t\t\t\t\t\t\t\t<div class=\"elementor-element elementor-element-3a50f74 elementor-widget elementor-widget-html\" data-id=\"3a50f74\" data-element_type=\"widget\" data-widget_type=\"html.default\">\n\t\t\t\t<div class=\"elementor-widget-container\">\n\t\t\t<h1>Historia<\/h1>\r\n<div class=\"vtl\">\r\n  <div class=\"event\">\r\n    <strong class=\"edate\">Museo Municipal de Arte Moderno de Mendoza<\/strong>\r\n    <p align=\"justify\" class=\"etxt\">El MMAMM cuenta con uno de los m\u00e1s importantes archivos sobre la producci\u00f3n art\u00edstica local. Contiene alrededor de 60.000 documentos producidos o adquiridos por el museo a lo largo de sus 53 a\u00f1os de existencia. Si bien la mayor concentraci\u00f3n documental se da a partir de la fundaci\u00f3n oficial del museo en 1967, puede encontrarse en sus fondos, aunque de modo fragmentario y disperso, material referido a las actividades art\u00edsticas locales desde los a\u00f1os 30. Esto se debe probablemente a que las actividades art\u00edsticas impulsadas por la Municipalidad de la Ciudad de Mendoza se remontan a 1931, con la creaci\u00f3n de la \u201cAcademia Municipal de Bellas Artes\u201d (Decreto N\u00b0 93 del 22 de abril de 1931) y contin\u00faan con la organizaci\u00f3n de las Bienales Municipales de Artes Pl\u00e1sticas y el Concurso Literario Municipal a partir de 1944\/45 (Decreto del PE N\u00b0 2127-G del 12 de diciembre de 1944 y Ordenanza Municipal N\u00b0 3913 del 19 de diciembre del mismo a\u00f1o).<br><br>\r\n    <\/p> \r\n  <\/div> \r\n  <div class=\"event\"> \r\n    <strong class=\"edate\"><\/strong>\r\n    <p align=\"justify\" class=\"etxt\">Al menos dos fueron los or\u00edgenes de la documentaci\u00f3n cobijada por el archivo del museo: a) por una parte encontramos los documentos que fueron acumul\u00e1ndose \u201cnaturalmente\u201d como resultado de los procesos administrativos y de gesti\u00f3n de la instituci\u00f3n (inventarios, notas, comunicados de prensa, decretos municipales, cat\u00e1logos, manuscritos para la preparaci\u00f3n de muestras, afiches, etc.) que hacen referencia directa a la trayectoria hist\u00f3rica y a las orientaciones que fue adoptando la instituci\u00f3n; b) por otra parte, al menos desde 1979 (12 a\u00f1os despu\u00e9s de la fundaci\u00f3n oficial del MMAMM), encontramos testimonios de una clara intencionalidad por organizar un archivo especializado en arte con el fin de ponerlo a disposici\u00f3n de todos aquellos que se encontraran interesados en ampliar sus conocimientos sobre nuestra historia del arte. Por esta v\u00eda se estructura un archivo de artistas locales y nacionales, conformado por carpetas individuales cuyo contenido consist\u00eda en un curr\u00edculum vitae del artista, cat\u00e1logos de sus exposiciones, recortes period\u00edsticos sobre su actuaci\u00f3n y fotograf\u00edas documentales y de obras. <br><br>\r\n    <\/p>\r\n  <\/div>\r\n  <div class=\"event\">\r\n    <strong class=\"edate\"><\/strong>\r\n    <p align=\"justify\"class=\"etxt\">\r\n\r\nEn 2007 se inicia una nueva etapa para el Archivo Documental del MMAMM. Ese mismo a\u00f1o se presenta un proyecto en el cual se propone encarar una reorganizaci\u00f3n de los fondos documentales y de la colecci\u00f3n de obras del museo. En esta oportunidad la inquietud provino desde fuera de la instituci\u00f3n, pues se trat\u00f3 de un proyecto cuyo objetivo se dirig\u00eda a impulsar estudios de historia del arte local. En este campo disciplinar se hac\u00eda cada vez m\u00e1s notoria la necesidad de respaldar lo estudios sobre bases documentales. Una reescritura de la historia del arte local deb\u00eda realizarse no a partir de especulaciones sobre las im\u00e1genes, sino partiendo de documentaci\u00f3n que permitiera reconstruir poco a poco las condiciones hist\u00f3ricas, sociales, pol\u00edticas, econ\u00f3micas y culturales articuladas a la producci\u00f3n de im\u00e1genes. Este giro se daba en un contexto local en que los enfoques m\u00e1s tradicionales sobre la historia del arte estaban siendo desplazados por otras teor\u00edas acerca de los procesos y productos culturales, donde los aportes de la sociolog\u00eda y la antropolog\u00eda se tornaban ineludibles. Otros factores a considerar fueron la renovaci\u00f3n de los estudios de historia del arte impulsados desde Buenos Aires, la formaci\u00f3n de archivos especializados en arte (p. ej. el de Fundaci\u00f3n Espigas, especializado en arte argentino, o el proyecto del Archivo de Arte Latinoamericano del Museo de Bellas Artes de Houston, Texas), y finalmente la concreci\u00f3n en Mendoza del denominado \u201cColoquio de Arte Latinoamericano\u201d, que verdaderamente estimul\u00f3 la circulaci\u00f3n de la teor\u00eda del arte latinoamericano en nuestro medio, elevando el nivel de los debates sobre la historia de la producci\u00f3n, circulaci\u00f3n y consumo de las artes.  De modo que lo que se hac\u00eda notorio en aqu\u00e9l entonces era la necesidad de contar con archivos de arte ordenados y sistematizados que permitieran el estudio de nuestra historia del arte local inscripta en los procesos nacionales y regionales.<br><br>\r\n<\/p> \r\n  <\/div> \r\n  <div class=\"event\">\r\n    <strong class=\"edate\"><\/strong><\/strong>\r\n    <p align=\"justify\" class=\"etxt\">\r\nEste proyecto comenz\u00f3 a concretarse en 2011, cuando se toma la decisi\u00f3n pol\u00edtica de dotar al MMAMM de un conjunto de \u00e1reas profesionales y especializadas: se establece el \u00c1rea de conservaci\u00f3n y restauraci\u00f3n, con su respectivo taller y laboratorio; se define el \u00c1rea de montaje; se afirma el \u00c1rea pedag\u00f3gica y se organiza el Archivo Documental del MMAMM, dot\u00e1ndolo de equipamiento y un nuevo espacio m\u00e1s adecuado a sus funciones. El lector apreciar\u00e1 que el proyecto de puesta en valor del Archivo Documental del museo, al partir de las inquietudes y preguntas surgidas desde el campo de la historia del arte, modificaba el lugar que hasta entonces ocupaba en el contexto del museo: pasaba de ser un dep\u00f3sito de documentos y registros, a convertirse en un espacio din\u00e1mico de producci\u00f3n de contenidos e investigaci\u00f3n sobre nuestra historia art\u00edstica y cultural. De esta manera el Museo Municipal de Arte Moderno se convert\u00eda en el \u00fanico museo provincial en contar con \u00e1reas profesionalizadas dedicadas a la conservaci\u00f3n preventiva, archivo e investigaci\u00f3n.\r\n<\/p>\r\n  <\/div>\r\n<\/div>\r\n\r\n\r\n<style>\r\n\/* (A) \"SET\" THE TIMELINE CONTAINER *\/\r\n.vtl {\r\n  \/* (A1) RELATIVE POSITION NECESSARY TO PROPERLY POSITION TIMELINE LATER *\/\r\n  position: relative;\r\n  \/* (A2) RESERVE MORE SPACE TO THE LEFT FOR THE TIMELINE *\/\r\n  padding: 10px 10px 10px 50px;\r\n  \/* (A3) OPTIONAL WIDTH RESTRICTION *\/\r\n  max-width: 100%;\r\n}\r\n\r\n\/* (B) DRAW TIMELINE USING ::BEFORE *\/\r\n.vtl::before {\r\n  \/* (B1) DRAW THE TIMELINE *\/\r\n  content: '';\r\n  width: 5px;\r\n  background-color: #FF8249;\r\n  \/* (B2) POSITION IT TO THE LEFT *\/ position: absolute;\r\n  top: 0;\r\n  bottom: 0;\r\n  left: 15px;\r\n}\r\n\r\n\/* (C) STYLES FOR THE EVENTS *\/\r\ndiv.event {\r\n  padding: 20px 30px;\r\n  background-color: #e8e8e8;\r\n  position: relative;\r\n  border-radius: 6px;\r\n  margin-bottom: 10px;\r\n  justify-content: center!important;\r\n}\r\n\r\n\/* (D) STYLES FOR THE DATE & TEXT *\/\r\nstrong.edate {\r\n  font-size: 1.1em;\r\n  font-weight: bold;\r\n  color: #FF8249;\r\n}\r\np.etxt {\r\n  margin: 10px 0 0 0;\r\n  color: #222;\r\n}\r\n\r\n\/* (E) ADD \"SPEECH BUBBLE TRIANGLE\" TO THE EVENTS *\/\r\ndiv.event::before {\r\n  content: '';\r\n  border: 10px solid transparent;\r\n  border-right-color: #FF8249;\r\n  border-left: 0;\r\n  position: absolute;\r\n  top: 20%;\r\n  left: -10px;\r\n}\r\n\r\n\/* (F) ADD A CIRCLE ON THE TIMELINE TO INDICATE AN EVENT *\/\r\ndiv.event::after {\r\n  content: '';\r\n  background: #fff;\r\n  border: 4px solid #FF8249;\r\n  width: 16px;\r\n  height: 16px;\r\n  border-radius: 50%;\r\n  position: absolute;\r\n  top: 20%;\r\n  left: -44px;\r\n}\r\n<\/style>\r\n\r\n\t\t<\/div>\n\t\t\t\t<\/div>\n\t\t\t\t\t<\/div>\n\t\t<\/div>\n\t\t\t\t\t\t\t<\/div>\n\t\t<\/section>\n\t\t\t\t\t\t\t<\/div>\n\t\t","protected":false},"excerpt":{"rendered":"<p>Historia Museo Municipal de Arte Moderno de Mendoza El MMAMM cuenta con uno de los m\u00e1s importantes archivos sobre la producci\u00f3n art\u00edstica local. Contiene alrededor de 60.000 documentos producidos o adquiridos por el museo a lo largo de sus 53 a\u00f1os de existencia. Si bien la mayor concentraci\u00f3n documental se da a partir de la [&hellip;]<\/p>\n","protected":false},"author":1,"featured_media":0,"parent":0,"menu_order":0,"comment_status":"closed","ping_status":"closed","template":"","meta":{"om_disable_all_campaigns":false,"_mi_skip_tracking":false,"_monsterinsights_sitenote_active":false,"_monsterinsights_sitenote_note":"","_monsterinsights_sitenote_category":0,"_mc_calendar":[],"footnotes":""},"class_list":["post-95758","page","type-page","status-publish","hentry"],"acf":[],"aioseo_notices":[],"_links":{"self":[{"href":"https:\/\/espaciocultural.ciudaddemendoza.gob.ar\/index.php?rest_route=\/wp\/v2\/pages\/95758","targetHints":{"allow":["GET"]}}],"collection":[{"href":"https:\/\/espaciocultural.ciudaddemendoza.gob.ar\/index.php?rest_route=\/wp\/v2\/pages"}],"about":[{"href":"https:\/\/espaciocultural.ciudaddemendoza.gob.ar\/index.php?rest_route=\/wp\/v2\/types\/page"}],"author":[{"embeddable":true,"href":"https:\/\/espaciocultural.ciudaddemendoza.gob.ar\/index.php?rest_route=\/wp\/v2\/users\/1"}],"replies":[{"embeddable":true,"href":"https:\/\/espaciocultural.ciudaddemendoza.gob.ar\/index.php?rest_route=%2Fwp%2Fv2%2Fcomments&post=95758"}],"version-history":[{"count":31,"href":"https:\/\/espaciocultural.ciudaddemendoza.gob.ar\/index.php?rest_route=\/wp\/v2\/pages\/95758\/revisions"}],"predecessor-version":[{"id":97080,"href":"https:\/\/espaciocultural.ciudaddemendoza.gob.ar\/index.php?rest_route=\/wp\/v2\/pages\/95758\/revisions\/97080"}],"wp:attachment":[{"href":"https:\/\/espaciocultural.ciudaddemendoza.gob.ar\/index.php?rest_route=%2Fwp%2Fv2%2Fmedia&parent=95758"}],"curies":[{"name":"wp","href":"https:\/\/api.w.org\/{rel}","templated":true}]}}